{"id":616,"date":"2025-05-25T11:02:53","date_gmt":"2025-05-25T11:02:53","guid":{"rendered":"https:\/\/spa-gueliz.com\/sobre-nosotros\/"},"modified":"2026-04-03T22:40:23","modified_gmt":"2026-04-03T22:40:23","slug":"sobre-nosotros","status":"publish","type":"page","link":"https:\/\/spa-gueliz.com\/es\/sobre-nosotros\/","title":{"rendered":"Sobre nosotros"},"content":{"rendered":"<style>.elementor-616 .elementor-element.elementor-element-95e86ab:not(.elementor-motion-effects-element-type-background), .elementor-616 .elementor-element.elementor-element-95e86ab > .elementor-motion-effects-container > .elementor-motion-effects-layer{background-color:var( --e-global-color-fa3521d );background-image:url(\"https:\/\/spa-gueliz.com\/wp-content\/uploads\/2025\/05\/bg-spa-1.png\");background-position:center center;background-repeat:no-repeat;background-size:cover;}.elementor-616 .elementor-element.elementor-element-95e86ab > .elementor-background-overlay{background-color:var( --e-global-color-fa3521d );opacity:0.9;transition:background 0.3s, border-radius 0.3s, opacity 0.3s;}.elementor-616 .elementor-element.elementor-element-95e86ab{transition:background 0.3s, border 0.3s, border-radius 0.3s, box-shadow 0.3s;padding:8em 0em 8em 0em;}.elementor-616 .elementor-element.elementor-element-5b81f439.elementor-column > .elementor-widget-wrap{justify-content:center;}.elementor-616 .elementor-element.elementor-element-52bd0207{text-align:center;}.elementor-616 .elementor-element.elementor-element-6128f413{text-align:center;width:auto;max-width:auto;}.elementor-616 .elementor-element.elementor-element-6128f413 .elementor-heading-title{color:var( --e-global-color-primary );}.elementor-616 .elementor-element.elementor-element-28fd6386{text-align:center;width:auto;max-width:auto;}.elementor-616 .elementor-element.elementor-element-28fd6386 .elementor-heading-title{color:var( --e-global-color-primary );}.elementor-616 .elementor-element.elementor-element-28fd6386 > .elementor-widget-container{margin:0px 10px 0px 10px;}.elementor-616 .elementor-element.elementor-element-67310fc4{text-align:center;width:auto;max-width:auto;}.elementor-616 .elementor-element.elementor-element-67310fc4 .elementor-heading-title{color:var( --e-global-color-secondary );}.elementor-616 .elementor-element.elementor-element-57cc9755{padding:05em 0em 05em 0em;}.elementor-bc-flex-widget .elementor-616 .elementor-element.elementor-element-431090c.elementor-column .elementor-widget-wrap{align-items:center;}.elementor-616 .elementor-element.elementor-element-431090c.elementor-column.elementor-element[data-element_type=\"column\"] > .elementor-widget-wrap.elementor-element-populated{align-content:center;align-items:center;}.elementor-616 .elementor-element.elementor-element-78ef01d7 .elementor-button-content-wrapper{flex-direction:row;}.elementor-616 .elementor-element.elementor-element-78ef01d7 .elementor-button .elementor-button-content-wrapper{gap:10px;}.elementor-616 .elementor-element.elementor-element-78ef01d7{width:auto;max-width:auto;}@media(max-width:1024px){.elementor-616 .elementor-element.elementor-element-95e86ab{padding:6em 0em 6em 0em;}.elementor-616 .elementor-element.elementor-element-57cc9755{padding:8em 0em 2em 0em;}}@media(max-width:767px){.elementor-616 .elementor-element.elementor-element-7ec70bf > .elementor-element-populated{margin:30px 0px 0px 0px;--e-column-margin-right:0px;--e-column-margin-left:0px;}.elementor-616 .elementor-element.elementor-element-3360c7c1{text-align:center;}.elementor-616 .elementor-element.elementor-element-4efc18ae{text-align:center;}.elementor-616 .elementor-element.elementor-element-78ef01d7{width:100%;max-width:100%;}}@media(min-width:768px){.elementor-616 .elementor-element.elementor-element-431090c{width:45%;}.elementor-616 .elementor-element.elementor-element-7ec70bf{width:55%;}}@media(min-width:1025px){.elementor-616 .elementor-element.elementor-element-95e86ab:not(.elementor-motion-effects-element-type-background), .elementor-616 .elementor-element.elementor-element-95e86ab > .elementor-motion-effects-container > .elementor-motion-effects-layer{background-attachment:scroll;}}<\/style>\t\t<div data-elementor-type=\"wp-page\" data-elementor-id=\"616\" class=\"elementor elementor-616 elementor-273\">\n\t\t\t\t\t\t<section class=\"elementor-section elementor-top-section elementor-element elementor-element-95e86ab elementor-section-boxed elementor-section-height-default elementor-section-height-default\" data-id=\"95e86ab\" data-element_type=\"section\" data-e-type=\"section\" data-settings=\"{&quot;background_background&quot;:&quot;classic&quot;}\">\n\t\t\t\t\t\t\t<div class=\"elementor-background-overlay\"><\/div>\n\t\t\t\t\t\t\t<div class=\"elementor-container elementor-column-gap-default\">\n\t\t\t\t\t<div class=\"elementor-column elementor-col-100 elementor-top-column elementor-element elementor-element-5b81f439\" data-id=\"5b81f439\" data-element_type=\"column\" data-e-type=\"column\">\n\t\t\t<div class=\"elementor-widget-wrap elementor-element-populated\">\n\t\t\t\t\t\t<div class=\"elementor-element elementor-element-52bd0207 elementor-widget elementor-widget-heading\" data-id=\"52bd0207\" data-element_type=\"widget\" data-e-type=\"widget\" data-settings=\"{&quot;_animation&quot;:&quot;none&quot;}\" data-widget_type=\"heading.default\">\n\t\t\t\t<div class=\"elementor-widget-container\">\n\t\t\t\t\t<h1 class=\"elementor-heading-title elementor-size-default\">Sobre nosotros<\/h1>\t\t\t\t<\/div>\n\t\t\t\t<\/div>\n\t\t\t\t<div class=\"elementor-element elementor-element-6128f413 elementor-widget__width-auto elementor-widget elementor-widget-heading\" data-id=\"6128f413\" data-element_type=\"widget\" data-e-type=\"widget\" data-widget_type=\"heading.default\">\n\t\t\t\t<div class=\"elementor-widget-container\">\n\t\t\t\t\t<span class=\"elementor-heading-title elementor-size-default\"><a href=\"#\">Inicio<\/a><\/span>\t\t\t\t<\/div>\n\t\t\t\t<\/div>\n\t\t\t\t<div class=\"elementor-element elementor-element-28fd6386 elementor-widget__width-auto elementor-widget elementor-widget-heading\" data-id=\"28fd6386\" data-element_type=\"widget\" data-e-type=\"widget\" data-widget_type=\"heading.default\">\n\t\t\t\t<div class=\"elementor-widget-container\">\n\t\t\t\t\t<span class=\"elementor-heading-title elementor-size-default\">-<\/span>\t\t\t\t<\/div>\n\t\t\t\t<\/div>\n\t\t\t\t<div class=\"elementor-element elementor-element-67310fc4 elementor-widget__width-auto elementor-widget elementor-widget-heading\" data-id=\"67310fc4\" data-element_type=\"widget\" data-e-type=\"widget\" data-widget_type=\"heading.default\">\n\t\t\t\t<div class=\"elementor-widget-container\">\n\t\t\t\t\t<span class=\"elementor-heading-title elementor-size-default\">Sobre nosotros<\/span>\t\t\t\t<\/div>\n\t\t\t\t<\/div>\n\t\t\t\t\t<\/div>\n\t\t<\/div>\n\t\t\t\t\t<\/div>\n\t\t<\/section>\n\t\t\t\t<section class=\"elementor-section elementor-top-section elementor-element elementor-element-57cc9755 elementor-section-boxed elementor-section-height-default elementor-section-height-default\" data-id=\"57cc9755\" data-element_type=\"section\" data-e-type=\"section\">\n\t\t\t\t\t\t<div class=\"elementor-container elementor-column-gap-default\">\n\t\t\t\t\t<div class=\"elementor-column elementor-col-50 elementor-top-column elementor-element elementor-element-431090c\" data-id=\"431090c\" data-element_type=\"column\" data-e-type=\"column\">\n\t\t\t<div class=\"elementor-widget-wrap elementor-element-populated\">\n\t\t\t\t\t\t<div class=\"elementor-element elementor-element-5113978 elementor-widget elementor-widget-image\" data-id=\"5113978\" data-element_type=\"widget\" data-e-type=\"widget\" data-widget_type=\"image.default\">\n\t\t\t\t<div class=\"elementor-widget-container\">\n\t\t\t\t\t\t\t\t\t\t\t\t\t\t\t<img fetchpriority=\"high\" decoding=\"async\" width=\"800\" height=\"533\" src=\"https:\/\/spa-gueliz.com\/wp-content\/uploads\/2025\/05\/SPA-Gueliz-Marrakech-1024x682.jpg\" class=\"attachment-large size-large wp-image-617\" alt=\"SPA Gueliz Marrakech\" srcset=\"https:\/\/spa-gueliz.com\/wp-content\/uploads\/2025\/05\/SPA-Gueliz-Marrakech-1024x682.jpg 1024w, https:\/\/spa-gueliz.com\/wp-content\/uploads\/2025\/05\/SPA-Gueliz-Marrakech-300x200.jpg 300w, https:\/\/spa-gueliz.com\/wp-content\/uploads\/2025\/05\/SPA-Gueliz-Marrakech-768x512.jpg 768w, https:\/\/spa-gueliz.com\/wp-content\/uploads\/2025\/05\/SPA-Gueliz-Marrakech-1536x1023.jpg 1536w, https:\/\/spa-gueliz.com\/wp-content\/uploads\/2025\/05\/SPA-Gueliz-Marrakech.jpg 1980w\" sizes=\"(max-width: 800px) 100vw, 800px\" \/>\t\t\t\t\t\t\t\t\t\t\t\t\t\t\t<\/div>\n\t\t\t\t<\/div>\n\t\t\t\t\t<\/div>\n\t\t<\/div>\n\t\t\t\t<div class=\"elementor-column elementor-col-50 elementor-top-column elementor-element elementor-element-7ec70bf\" data-id=\"7ec70bf\" data-element_type=\"column\" data-e-type=\"column\">\n\t\t\t<div class=\"elementor-widget-wrap elementor-element-populated\">\n\t\t\t\t\t\t<div class=\"elementor-element elementor-element-3360c7c1 elementor-widget elementor-widget-heading\" data-id=\"3360c7c1\" data-element_type=\"widget\" data-e-type=\"widget\" data-settings=\"{&quot;_animation&quot;:&quot;none&quot;}\" data-widget_type=\"heading.default\">\n\t\t\t\t<div class=\"elementor-widget-container\">\n\t\t\t\t\t<h2 class=\"elementor-heading-title elementor-size-default\">Nuestra historia: el arte del bienestar en Gu\u00e9liz\n<\/h2>\t\t\t\t<\/div>\n\t\t\t\t<\/div>\n\t\t\t\t<div class=\"elementor-element elementor-element-4efc18ae elementor-widget elementor-widget-text-editor\" data-id=\"4efc18ae\" data-element_type=\"widget\" data-e-type=\"widget\" data-widget_type=\"text-editor.default\">\n\t\t\t\t<div class=\"elementor-widget-container\">\n\t\t\t\t\t\t\t\t\t<p>En <span style=\"color: #333333;\"><a style=\"color: #333333;\" href=\"https:\/\/spa-gueliz.com\/es\/\"><strong>Spa Gu\u00e9liz<\/strong><\/a><\/span>, hemos creado algo m\u00e1s que un simple espacio de relajaci\u00f3n; hemos construido un santuario dedicado a la armon\u00eda del cuerpo y la mente, en el coraz\u00f3n vibrante de Marrakech. Gracias a nuestra pasi\u00f3n por las tradiciones marroqu\u00edes de bienestar y la excelencia de los tratamientos modernos, nuestra misi\u00f3n es ofrecer a cada visitante un par\u00e9ntesis de serenidad absoluta. Nos comprometemos a brindarle una experiencia aut\u00e9ntica y revitalizante, donde cada <span style=\"color: #000000;\"><a style=\"color: #000000;\" href=\"https:\/\/spa-gueliz.com\/es\/\"><strong>hammam<\/strong><\/a> <\/span>y cada <span style=\"color: #000000;\"><a style=\"color: #000000;\" href=\"https:\/\/spa-gueliz.com\/es\/\"><strong>masaje<\/strong> <\/a><\/span>se realizan con maestr\u00eda y dedicaci\u00f3n, para que se marche renovado y en paz.  <\/p>\t\t\t\t\t\t\t\t<\/div>\n\t\t\t\t<\/div>\n\t\t\t\t<div class=\"elementor-element elementor-element-78ef01d7 elementor-widget__width-auto elementor-mobile-align-justify elementor-widget-mobile__width-inherit elementor-widget elementor-widget-button\" data-id=\"78ef01d7\" data-element_type=\"widget\" data-e-type=\"widget\" data-widget_type=\"button.default\">\n\t\t\t\t<div class=\"elementor-widget-container\">\n\t\t\t\t\t\t\t\t\t<div class=\"elementor-button-wrapper\">\n\t\t\t\t\t<a class=\"elementor-button elementor-button-link elementor-size-sm\" href=\"#\">\n\t\t\t\t\t\t<span class=\"elementor-button-content-wrapper\">\n\t\t\t\t\t\t<span class=\"elementor-button-icon\">\n\t\t\t\t<i aria-hidden=\"true\" class=\"far fa-calendar-alt\"><\/i>\t\t\t<\/span>\n\t\t\t\t\t\t\t\t\t<span class=\"elementor-button-text\">  Reservar ahora<\/span>\n\t\t\t\t\t<\/span>\n\t\t\t\t\t<\/a>\n\t\t\t\t<\/div>\n\t\t\t\t\t\t\t\t<\/div>\n\t\t\t\t<\/div>\n\t\t\t\t\t<\/div>\n\t\t<\/div>\n\t\t\t\t\t<\/div>\n\t\t<\/section>\n\t\t\t\t<\/div>\n\t\t","protected":false},"excerpt":{"rendered":"<p>Sobre nosotros Inicio &#8211; Sobre nosotros Nuestra historia: el arte del bienestar en Gu\u00e9liz En Spa Gu\u00e9liz, hemos creado algo m\u00e1s que un simple espacio de relajaci\u00f3n; hemos construido un santuario dedicado a la armon\u00eda del cuerpo y la mente, en el coraz\u00f3n vibrante de Marrakech. Gracias a nuestra pasi\u00f3n por las tradiciones marroqu\u00edes de [&hellip;]<\/p>\n","protected":false},"author":5,"featured_media":0,"parent":0,"menu_order":0,"comment_status":"closed","ping_status":"closed","template":"elementor_header_footer","meta":{"_joinchat":[],"footnotes":""},"class_list":["post-616","page","type-page","status-publish","hentry"],"_links":{"self":[{"href":"https:\/\/spa-gueliz.com\/es\/wp-json\/wp\/v2\/pages\/616","targetHints":{"allow":["GET"]}}],"collection":[{"href":"https:\/\/spa-gueliz.com\/es\/wp-json\/wp\/v2\/pages"}],"about":[{"href":"https:\/\/spa-gueliz.com\/es\/wp-json\/wp\/v2\/types\/page"}],"author":[{"embeddable":true,"href":"https:\/\/spa-gueliz.com\/es\/wp-json\/wp\/v2\/users\/5"}],"replies":[{"embeddable":true,"href":"https:\/\/spa-gueliz.com\/es\/wp-json\/wp\/v2\/comments?post=616"}],"version-history":[{"count":2,"href":"https:\/\/spa-gueliz.com\/es\/wp-json\/wp\/v2\/pages\/616\/revisions"}],"predecessor-version":[{"id":619,"href":"https:\/\/spa-gueliz.com\/es\/wp-json\/wp\/v2\/pages\/616\/revisions\/619"}],"wp:attachment":[{"href":"https:\/\/spa-gueliz.com\/es\/wp-json\/wp\/v2\/media?parent=616"}],"curies":[{"name":"wp","href":"https:\/\/api.w.org\/{rel}","templated":true}]}}